{"id":24,"date":"2022-09-12T15:15:10","date_gmt":"2022-09-12T15:15:10","guid":{"rendered":"https:\/\/v-ars.net\/varscms\/?page_id=24"},"modified":"2025-10-27T06:33:21","modified_gmt":"2025-10-27T06:33:21","slug":"legal-imprint","status":"publish","type":"page","link":"https:\/\/v-ars.net\/varscms\/legal-imprint","title":{"rendered":"LEGAL&#038;IMPRINT"},"content":{"rendered":"<style type=\"text\/css\">\na {text-decoration: none;}<br \/>\ntable {border: none;}<br \/>\ntd {border: none;}<br \/>\n<\/style>\n<hr style=\"border: none; border-top: 1px dotted #666666; background-color: #dddddd; height: 1px;\" \/>\n<div style=\"font-size: 90%;\">\n<div>\n<img loading=\"lazy\" decoding=\"async\" src=\"https:\/\/v-ars.net\/varscms\/wp-content\/uploads\/JB.png\" alt=\"\" width=\"100\" height=\"100\" class=\"alignnone size-full wp-image-158\" \/><\/p>\n<p style=\"text-align: left; font-size: 69%;\">Johann A.G. Baloghy<br \/>\nDipl.-Ing. Architect, Designer, Media Journalist<br \/>\nFOUNDER, OWNER &amp; CEO of Artis Airways &#8211; Virtual Group &#038; V-ARS<br \/>\nFmr. Certified Member of the International Press EU.VI 5782 202 &#8211; IPC<br \/>\nFmr. Certified Member of the German Association of Press Journalists<br \/>\nGERMANY &#8211; Regensburg | P: +49 (0) 941 9925320 | E: info@V-ARS.net<\/p>\n<\/div>\n<hr style=\"border: none; border-top: 1px dotted #666666; background-color: #dddddd; height: 1px;\" \/>\n<p><span style=\"text-decoration: underline;\"><strong>LEGAL NOTICE, DISCLAIMER &amp; TERMS OF USE, ACCORDING TO THE EU GENERAL DATA PROTECTION REGULATION (GDPR) | EU DATENSCHUTZ-GRUNDVERORDNUNG (DSGVO) AND GERMAN LAW \u00a7 5 TMG and \u00a7 55 Abs. 2 RStV, COMPLIANT WITH INTERNATIONAL TREATIES ABOUT COMMUNICATIONS AND TELECOMMUNICATION REGULATIONS<\/strong> <\/span> <\/p>\n<p class=\"style5\" style=\"text-align: center;\"><strong>WICHTIGER HINWEIS! &#8211; IMPORTANT NOTE! &#8211; AVIS IMPORTANT!<\/strong><\/p>\n<p class=\"style4\" style=\"text-align: justify;\">Jeder festgestellte Missbrauch und\/oder versuchte Straftat gegen die Artis Airways &#8211; Virtual Group &#038; V-ARS Internet Homesite und\/oder gegen Image, Ziele, Aktivit\u00e4ten, Seiten, Inhalte und Mitteilungen von Artis Airways &#8211; Virtual Group &#038; V-ARS Internet Homesite, wird dem deutschen BKA, LKA, dem europ\u00e4ischen EUROPOL und\/oder dem jeweiligen Internationalen Strafverfolgungsbeh\u00f6rden, unverz\u00fcglich bekannt gegeben.<br \/>\nJede Art von Sch\u00e4den an der Artis Airways &#8211; Virtual Group &#038; V-ARS Internet Homesite und\/oder Image von Artis Airways &#8211; Virtual Group &#038; V-ARS, die durch Dritte, Homepage-Besucher, usw., verursacht wurden, f\u00fchrt zu rechtlichen Schritten und zu strafrechtlichen Anklagen, gegen die T\u00e4ter.<br \/>\nEU Recht konformen Mechanismen, f\u00fcr das Sch\u00fctzen der berechtigten Interessen des Inhabers und der Artis Airways &#8211; Virtual Group &#038; V-ARS Internet Homesite, sind dauerhaft im Einsatz!<br \/>\n+++<br \/>\nAny detected abuse and\/or attempted criminal offense against the Artis Airways Virtual &#8211; Group V-ARS Internet Homesite and\/or against image, goals, activities, pages, content and communications of Artis Airways Virtual &#8211; Group V-ARS Internet Homesite, will be immediately reported to the German BKA, LKA, the European EUROPOL and\/or the respective international law enforcement authorities.<br \/>\nAny kind of damage to the Artis Airways &#8211; Virtual Group &#038; V-ARS Internet Homesite and\/or its image, caused by third parties, website visitors, etc., leads to legal action and criminal charges against the perpetrator.<br \/>\nMechanisms that comply with EU law, for protecting the legitimate interests of the owner and the Artis Airways Virtual &#8211; Group V-ARS Internet Homesite, are in permanent use!<br \/>\n+++<br \/>\nTout abus d\u00e9tect\u00e9 et\/ou tentative d&#8217;infraction p\u00e9nale contre le site Internet Artis Airways &#8211; Virtual Group &#038; V-ARS et\/ou contre l&#8217;image, objectifs, activit\u00e9s, pages, contenu et les communications du site Internet Artis Airways &#8211; Virtual Group &#038; V-ARS, seront signal\u00e9s et annonc\u00e9 imm\u00e9diatement au BKA, LKA allemand, \u00e0 l&#8217;EUROPOL europ\u00e9en et\/ou aux autorit\u00e9s r\u00e9pressives internationales respectives.<br \/>\nTout type de dommage au Site Internet Artis Airways &#8211; Virtual Group &#038; V-ARS et\/ou \u00e0 son image, caus\u00e9 par des tiers, des visiteurs du Website, etc., entra\u00eene des poursuites judiciaires et des poursuites p\u00e9nales contre l&#8217;auteur.<br \/>\nLes m\u00e9canismes conformes au droit de l&#8217;UE pour prot\u00e9ger les int\u00e9r\u00eats l\u00e9gitimes du propri\u00e9taire et du site Internet Artis Airways &#8211; Virtual Group &#038; V-ARS V-ARS sont en permanence utilis\u00e9s!<\/p>\n<p><strong>Misuse of V-ARS:<\/strong><\/p>\n<p style=\"text-align: justify;\">From all of the Artis Airways &#8211; Virtual Group &#038; V-ARS members is the respectful treatment form and idiom, in the internal and external communication, expected and required. Offenders, and\/or anything, that affects and damage the\u00a0 V-ARS Internet Site or of the Artis Airways &#8211; Virtual Group &#038; V-ARS Image and is caused by active and\/or no longer active members, lead to immediate disqualification and, where appropriate, lead to start civil legal action against the perpetrator too. Without consulting and approval by the CEO and\/or COO, the members of Artis Airways &#8211; Virtual Group &#038; V-ARS may not advertise for the Artis Airways &#8211; Virtual Group &#038; V-ARS or distribute links to www.V-ARS.net. Failure to comply with the above mentioned and\/or with the due diligence exercised in the use of resources, privacy, also leads to the immediate exclusion from\u00a0Artis Airways &#8211; Virtual Group &#038; V-ARS.<\/p>\n<p><strong>Copyright:<\/strong><\/p>\n<p style=\"text-align: justify;\">The published information on the site of\u00a0 V-ARS Internet Site or of theArtis Airways &#8211; Virtual Group &#038; V-ARS , named collectively CONTENT is copyrighted and may not be redistributed, modified, reproduced in whole or in part without the prior written permission of the Owner, Founder &amp; CEO. The images from this site may not be reproduced in any form without the prior advance written consent of the Owner, Founder &amp; CEO.<\/p>\n<p><strong>Documents:<\/strong><\/p>\n<p style=\"text-align: justify;\">The documents on the\u00a0 V-ARS Internet Site or of the Artis Airways &#8211; Virtual Group &#038; V-ARS pages, are presented generally in HTML format. These format are generally accessible to users using screen reading software like Browsers. Some files on this Web site may be posted as Adobe Acrobat PDF (Portable Document Format) files. Adobe provides their Acrobat Reader software as a free download.<\/p>\n<p><strong>Disclaimer of External Links:<br \/>\n<\/strong><\/p>\n<p style=\"text-align: justify;\">The\u00a0 V-ARS Internet Site or of the Artis Airways &#8211; Virtual Group &#038; V-ARS pages, provides links to Web pages that are not part of the\u00a0 V-ARS Internet Site or of the Artis Airways Virtual &#8211; Group pages and\/or their resources. The Owner, Founder &amp; CEO and the Staff are not responsible for the CONTENT of the links you may find on our site.<\/p>\n<p><strong>Disclaimer of Liability:<br \/>\n<\/strong><\/p>\n<p style=\"text-align: justify;\">For documents and software available within the V-ARS Internet Site or of the Artis Airways &#8211; Virtual Group &#038; V-ARS pages, the CEO &amp; OWNER does not warrant or assume any legal liability or responsibility for the accuracy, completeness, or usefulness of any CONTENT, apparatus, product, or process disclosed.<br \/>\n<strong><span style=\"color: #00f;\">All presented Materials are exclusively to be used for the virtual and simulated aviation and in no way for the real world aviation.<\/span><\/strong><\/p>\n<p><strong>Email and Personal Information: <\/strong><\/p>\n<p style=\"text-align: justify;\">By sending us your Application or an electronic mail (Email) message, you may be sending personal information such as your name, Email address, VATSIM ID, IVAO ID, etc. We may store your name, address, and Email address of the requester in order to respond to your request or otherwise resolve the subject matter of the Email. Under limited circumstances, including requests by law or authorities regulations, we may be required to disclose the information you submit. In such case if legally allowed, you will be immediately informed. Remember that an Email is not necessarily secure against interception. If your communication is very sensitive, you might want to send it by postal mail instead.<\/p>\n<p><strong>Privacy:<br \/>\n<\/strong><\/p>\n<p style=\"text-align: justify;\">The\u00a0 V-ARS Internet Site or of the Artis Airways Virtual &#8211; Group pages are using advanced technologies on this Web sites. At no time will be, private information you have given us, shared or disclosed to unauthorized third parties. The exception to this rule is when site visitors or members are suspected of misusing V-ARS pages, data and operations.<\/p>\n<p style=\"text-align: justify;\">The names of the V-ARS members, except here the V-ARS Staff members, are only published as shortcuts. Images of V-ARS members, except here the V-ARS Staff members, are neither requested nor published.<\/p>\n<p> <!--The reCAPTCHA version 3 is implemented on our site. Please see the note below. --><\/p>\n<p style=\"text-align: justify;\">The IP addresses of the V-ARS members and V-pilots are recorded internally in V-ARS log files for operational reasons. The IP addresses of the V-ARS non-member page visitors are automatically recorded for up to 7 days, to evtl. detect and defend attacks against V-ARS and\/or for security reasons.<br \/>\nThereafter, the deletion or anonymization of the detected IP addresses takes place.<\/p>\n<p style=\"text-align: justify;\">The log files include the type of browser with which V-ARS members and V-ARS visitors access the website, the websites visited before, the system configuration, date and time. We store IP addresses only to the extent necessary for the operation of V-ARS.<\/p>\n<p style=\"text-align: justify;\">The V-ARS membership of a V-Pilot can be terminated at the request of the member or for good cause by the staff of the V-ARS. Thus, all personal data required for the operation of the V-Pilot will be deleted, also the stored log files, 7 days after termination of the Membership.<\/p>\n<p style=\"text-align: justify;\">Prior to 25.05.2018, the AGREEMENT FOR PROCUREMENT PROCEDURES pursuant to Art. 28 para. 3 of the General Data Protection Regulation (DSGVO) was contracted with hosting provider of Artis Airways Virtual &#8211; Group. This can be submitted on request at any time, for inspection, to authorized and responsible data protection officers.<\/p>\n<p style=\"text-align: justify;\"The access to the data stored by Artis Airways Virtual - Group is exclusively allowed to and under responsibility of the owner of the Artis Airways - Virtual Group &#038; V-ARS website, Johann A.G. Baloghy.<\/p>\n<p style=\"text-align: justify;\">The exploitation of the published LEGAL &#038; IMPRINT content, the contact details of the site owner, is hereby expressly contradicted and prohibited.<br \/>\nIn case of infringement, legal action will be initiated!\n<\/p>\n<p><strong>Disclaimer of Waranty for the INTERNET SOFTWARE: <\/strong><\/p>\n<p style=\"text-align: justify;\">The\u00a0Internet Site of the Artis Airways &#8211; Virtual Group &#038; V-ARS pages,\u00a0 where programmed, integrated and installed carefully. This service named collectively INTERNET SOFTWARE and the processed CONTENT, made available on the\u00a0 V-ARS Internet Site or on theArtis Airways &#8211; Virtual Group &#038; V-ARS pages , are provided \u201cAS IS\u201d, without warranties of any kind.\u00a0 On V-ARS Internet Site or on the Artis Airways &#8211; Virtual Group &#038; V-ARS pages, the Authors and Webmaster named collectively EDITORS expressly disclaims any representations and warranties, including without limitation, the implied warranties of merchantability and fitness for a particular purpose. EDITORS shall have absolutely no liability in connection with the services including without limitation, any liability for damage to your computer hardware, data, information, Materials and business resulting from the using the present INTERNET SOFTWARE. EDITORS shall have no liability for:<\/p>\n<p style=\"text-align: justify;\">&#8211; Any loss or injury caused, in whole or in part, by its actions, omissions, or negligence, or for contingencies beyond its control, in procuring, processing, or simply using the INTERNET SOFTWARE;<br \/>\n&#8211; Any errors, omissions, or inaccuracies in the INTERNET SOFTWARE and in the CONTENT itself, regardless of how caused, or delays or interruptions in delivery of the CONTENT; or &#8211; Any decision made or action taken or not taken during the use of this INTERNET SOFTWARE.<\/p>\n<p style=\"text-align: justify;\">The EDITORS makes no warranty, representation or guaranty as to the CONTENT, sequence, accuracy, timeliness or completeness of the CONTENT. EDITORS makes no warranty, representation or guaranty that the INTERNET SOFTWARE will be uninterrupted or error free or that any defects can be corrected.<\/p>\n<p><strong>Credits (INTERNET SOFTWARE):<br \/>\n<\/strong><\/p>\n<p style=\"text-align: justify;\">Projectmanagement, Media &amp; Graphic Design, CD\/CI Design, Programming, Integration, Customizing, Implementation, Direction and Promotion by ARTIS DIVERSIS &#8211; J.A.G. Baloghy, www.Artis-Diversis.eu<br \/>\nThe presented holistic and integrative Concepts, Creations, CD\/CI, Logos, Customizations are intellectual property of ARTIS DIVERSIS &#8211; J.A.G. Baloghy. The publications, layouts, graphics, texts, shown works, web pages, etc. and their source code, also in part, are in copyright matters protected and may not be used, changed or transferred without express and written permission of ARTIS DIVERSIS &#8211; J.A.G. Baloghy or\/and their respective AUTHORS. The site is powered by WordPress, diverse backstage computation algorithms and customizations by\u00a0 Artis Airways &#8211; Virtual Group &#038; V-ARS operators, or third parties.<\/p>\n<p style=\"text-align: justify;\"><strong>COPYRIGHTS AND CREDITS FOR THE FLIGHT SIMULATOR SYSTEM ENVIRONMENTS AND REFERENCES:<br \/>\n<\/strong><br \/>\nAll used images are copyrighted by ARTIS DIVERSIS &#8211; J.A.G. Baloghy. Some of them are licensed under the Creative Commons Attribution ShareAlike 2.0, 2.3 or 3.0 License or are in the public domain or through the terms of their respective AUTHORS.<\/p>\n<p style=\"text-align: justify;\">The X-Plane\u00ae, FSX-SE, FSX, MSFS, P3D flight simulators and the default Sceneries, by their respective AUTHORS. Aviation Weather Reports by Metar \u2013 Aviation Digital Data by Noaa and\/or by their respective AUTHORS, Simflight chart excerpts by Jeppesen and\/or by their respective AUTHORS, Flight tracking systems with presentations as overlays on OSM and\/or by their respective AUTHORS. VA Environments and Aircrafts by V-ARS, ARTIS DIVERSIS &#8211; J.A.G. Baloghy and\/or by their respective AUTHORS. Screenshots made during the flights, Image Processings by ARTIS DIVERSIS &#8211; J.A.G. Baloghy and\/or by their respective AUTHORS, Flight-Reports directed, created by ARTIS DIVERSIS &#8211; J.A.G. Baloghy and\/or by associated Partners and\/or by their respective AUTHORS. Johann A.G. Baloghy is license holder of X-Plane\u00ae, FSX-SE, FSX, MSFS, P3D and some official payware and freeware aircrafts and tools in his fleets and organisation.<br \/>\nThe Operation flights are executed under the flags of Artis Airways &#8211; Virtual Group &#038; V-ARS and Codeshare VA Partner. However the V-ARS,\u00a0 the Artis Airways Virtual &#8211; Group, Codeshare VA PARTNER, enumerated virtual AIRLINES, are in no way affiliated with the mentioned real life\/world ORGANISATIONS. The\u00a0 Artis Airways &#8211; Virtual Group &#038; V-ARS is a virtual, fictional, visionary and NPO, Non Profit Organisation.<\/p>\n<hr style=\"border: none; border-top: 1px dotted #666666; background-color: #dddddd; height: 1px;\" \/>\n<p style=\"text-align: center;\"><strong><span style=\"color: #0000ff;\">YOUR LOCATION DATA<\/span><br \/><\/strong><span style=\"color: #0000ff;\">IP: <span class=\"user-ip-placeholder\" data-type=\"ip\"><\/span> <\/span><br \/><span style=\"color: #0000ff;\">Continent Name: <span class=\"user-ip-placeholder\" data-type=\"continent\"><\/span> <\/span><br \/><span style=\"color: #0000ff;\">Country Name: <span class=\"user-ip-placeholder\" data-type=\"country\"><\/span> <\/span><br \/><span style=\"color: #0000ff;\">Country Code: <span class=\"user-ip-placeholder\" data-type=\"countrycode\"><\/span> <\/span><br \/><span style=\"color: #0000ff;\">Region: <span class=\"user-ip-placeholder\" data-type=\"region\"><\/span> <\/span><br \/><span style=\"color: #0000ff;\">Region Name: <span class=\"user-ip-placeholder\" data-type=\"regionname\"><\/span> <\/span><br \/><span style=\"color: #0000ff;\">City: <span class=\"user-ip-placeholder\" data-type=\"city\"><\/span> <\/span><br \/><span style=\"color: #0000ff;\">ZIP\/Postal Code: <span class=\"user-ip-placeholder\" data-type=\"zip\"><\/span> <\/span><br \/><span style=\"color: #0000ff;\">Latitude: <span class=\"user-ip-placeholder\" data-type=\"lat\"><\/span> <\/span><br \/><span style=\"color: #0000ff;\">Longitude: <span class=\"user-ip-placeholder\" data-type=\"lon\"><\/span><\/span><br \/><span style=\"color: #0000ff;\">The Artis Airways &#8211; Virtual Group uses the IP2Location LITE database for <a href=\"https:\/\/lite.ip2location.com\">IP geolocation<\/a><\/span><\/p>\n<hr style=\"border: none; border-top: 1px dotted #666666; background-color: #dddddd; height: 1px;\" \/>\n","protected":false},"excerpt":{"rendered":"<p>Johann A.G. Baloghy Dipl.-Ing. Architect, Designer, Media Journalist FOUNDER, OWNER &amp; CEO of Artis Airways &#8211; Virtual Group &#038; V-ARS Fmr. Certified Member of the International Press EU.VI 5782 202 &#8211; IPC Fmr. Certified Member of the German Association of Press Journalists GERMANY &#8211; Regensburg | P: +49 (0) 941 9925320 | E: info@V-ARS.net LEGAL &#8230; <a title=\"LEGAL&#038;IMPRINT\" class=\"read-more\" href=\"https:\/\/v-ars.net\/varscms\/legal-imprint\" aria-label=\"Read more about LEGAL&#038;IMPRINT\">Read more<\/a><\/p>\n","protected":false},"author":1,"featured_media":0,"parent":0,"menu_order":0,"comment_status":"closed","ping_status":"closed","template":"","meta":{"footnotes":""},"class_list":["post-24","page","type-page","status-publish"],"_links":{"self":[{"href":"https:\/\/v-ars.net\/varscms\/wp-json\/wp\/v2\/pages\/24","targetHints":{"allow":["GET"]}}],"collection":[{"href":"https:\/\/v-ars.net\/varscms\/wp-json\/wp\/v2\/pages"}],"about":[{"href":"https:\/\/v-ars.net\/varscms\/wp-json\/wp\/v2\/types\/page"}],"author":[{"embeddable":true,"href":"https:\/\/v-ars.net\/varscms\/wp-json\/wp\/v2\/users\/1"}],"replies":[{"embeddable":true,"href":"https:\/\/v-ars.net\/varscms\/wp-json\/wp\/v2\/comments?post=24"}],"version-history":[{"count":4,"href":"https:\/\/v-ars.net\/varscms\/wp-json\/wp\/v2\/pages\/24\/revisions"}],"predecessor-version":[{"id":1333,"href":"https:\/\/v-ars.net\/varscms\/wp-json\/wp\/v2\/pages\/24\/revisions\/1333"}],"wp:attachment":[{"href":"https:\/\/v-ars.net\/varscms\/wp-json\/wp\/v2\/media?parent=24"}],"curies":[{"name":"wp","href":"https:\/\/api.w.org\/{rel}","templated":true}]}}